{"id":15766,"date":"2025-10-29T13:34:05","date_gmt":"2025-10-29T12:34:05","guid":{"rendered":"https:\/\/altaydagistan.com\/?page_id=15766"},"modified":"2026-03-21T13:46:14","modified_gmt":"2026-03-21T12:46:14","slug":"oranlar","status":"publish","type":"page","link":"https:\/\/altaydagistan.com\/tr\/oranlar\/","title":{"rendered":"\u00dccretler Serbest Grafik ve Web Tasar\u0131mc\u0131s\u0131 Paris"},"content":{"rendered":"<div class=\"wp-block-greenshift-blocks-container gspb_container gspb_container-gsbp-508a326\" id=\"gspb_container-id-gsbp-508a326\">\n<h1 id=\"gspb_heading-id-gsbp-d2131bd\" class=\"gspb_heading gspb_heading-id-gsbp-d2131bd\">\u00dccretler Serbest Grafik ve Web Tasar\u0131mc\u0131s\u0131 Paris<\/h1>\n\n\n\n<h2 id=\"gspb_heading-id-gsbp-ee10937\" class=\"gspb_heading gspb_heading-id-gsbp-ee10937\">Grafik Tasar\u0131m, G\u00f6rsel Kimlik, Web Tasar\u0131m\u0131 ve Sanat Y\u00f6netmenli\u011fi \u00dccretleri<\/h2>\n\n\n\t\t<div class=\"chcpl-lock\" data-list-id=\"15730\">\n\t\t\t<div class=\"chcpl-lock-card\">\n\n\t\t\t\t<div class=\"chcpl-lock-main\">\n\t\t\t\t\t\t\t\t\t\t\t<p class=\"chcpl-lock-surtitle\">\u00dcCRETS\u0130Z ER\u0130\u015e\u0130M<\/p>\n\t\t\t\t\t\t\t\t\t\t<h3 class=\"chcpl-lock-title\">Fiyatlara eri\u015fim<\/h3>\n\t\t\t\t\t<p class=\"chcpl-lock-desc\">\u015eifre ile \u00e7evrimi\u00e7i eri\u015fim, 24 saat i\u00e7inde e-posta ile g\u00f6nderilir.<\/p>\n\t\t\t\t\t<div class=\"chcpl-lock-actions\">\n\t\t\t\t\t\t<button type=\"button\" class=\"chcpl-lock-btn-primary\" data-show-panel=\"form\">\n\t\t\t\t\t\t\t<svg width=\"15\" height=\"15\" viewbox=\"0 0 24 24\" fill=\"none\" stroke=\"currentColor\" stroke-width=\"2.5\" stroke-linecap=\"round\" stroke-linejoin=\"round\" aria-hidden=\"true\"><path d=\"M4 4h16c1.1 0 2 .9 2 2v12c0 1.1-.9 2-2 2H4c-1.1 0-2-.9-2-2V6c0-1.1.9-2 2-2z\"\/><polyline points=\"22,6 12,13 2,6\"\/><\/svg>\n\t\t\t\t\t\t\tEri\u015fim talep edin\t\t\t\t\t\t<\/button>\n\t\t\t\t\t\t<div class=\"chcpl-lock-divider\">\n\t\t\t\t\t\t\t<span class=\"chcpl-lock-divider-line\"><\/span>\n\t\t\t\t\t\t\t<span class=\"chcpl-lock-divider-text\">veya<\/span>\n\t\t\t\t\t\t\t<span class=\"chcpl-lock-divider-line\"><\/span>\n\t\t\t\t\t\t<\/div>\n\t\t\t\t\t\t<button type=\"button\" class=\"chcpl-lock-btn-secondary\" data-show-panel=\"pw\">\n\t\t\t\t\t\t\t<svg width=\"15\" height=\"15\" viewbox=\"0 0 24 24\" fill=\"none\" stroke=\"currentColor\" stroke-width=\"2\" stroke-linecap=\"round\" stroke-linejoin=\"round\" aria-hidden=\"true\"><rect x=\"3\" y=\"11\" width=\"18\" height=\"11\" rx=\"2\" ry=\"2\"\/><path d=\"M7 11V7a5 5 0 0 1 10 0v4\"\/><\/svg>\n\t\t\t\t\t\t\tZaten bir \u015fifrem var\t\t\t\t\t\t<\/button>\n\t\t\t\t\t<\/div>\n\t\t\t\t\t\t\t\t\t<\/div>\n\n\t\t\t\t<div class=\"chcpl-lock-panel chcpl-lock-panel--form\">\n\t\t\t\t\t<p class=\"chcpl-lock-panel-eyebrow\">Eri\u015fim talebi<\/p>\n\t\t\t\t<p class=\"chcpl-lock-panel-mandatory\">T\u00fcm alanlar zorunludur.<\/p>\n\t\t\t\t\t<form class=\"chcpl-inquiry-form chcpl-access-form\" data-redirect-url=\"https:\/\/altaydagistan.com\/tr\/fi%cc%87yat-onayi\/\" action=\"\">\n\t\t\t\t\t\t<input type=\"hidden\" name=\"action\" value=\"chcpl_request_access\" \/>\n\t\t\t\t\t\t<input type=\"hidden\" name=\"_wpnonce\" value=\"266a963f7d\" \/>\n\t\t\t\t\t\t<input type=\"hidden\" name=\"list_id\" value=\"15730\" \/>\n\t\t\t\t\t\t<input type=\"hidden\" name=\"list_name\" value=\"Altay Prices\" \/>\n\t\t\t\t\t\t\t\t\t\t\t\t<input type=\"text\" name=\"website\" value=\"\" style=\"position:absolute;left:-9999px;width:1px;height:1px;opacity:0;tabindex:-1;\" autocomplete=\"off\" aria-hidden=\"true\" \/>\n\t\t\t\t\t\t<div class=\"chcpl-row\">\n\t\t\t\t\t\t\t<p class=\"chcpl-col\">\n\t\t\t\t\t\t\t\t<label>\u0130sim<\/label>\n\t\t\t\t\t\t\t\t<input type=\"text\" name=\"name\" autocomplete=\"name\" required \/>\n\t\t\t\t\t\t\t<\/p>\n\t\t\t\t\t\t\t<p class=\"chcpl-col\">\n\t\t\t\t\t\t\t\t<label>\u015eirket<\/label>\n\t\t\t\t\t\t\t\t<input type=\"text\" name=\"company\" autocomplete=\"organization\" required \/>\n\t\t\t\t\t\t\t<\/p>\n\t\t\t\t\t\t<\/div>\n\t\t\t\t\t\t<p>\n\t\t\t\t\t\t\t<label>S\u0130REN numaras\u0131<\/label>\n\t\t\t\t\t\t\t<input type=\"text\" name=\"siren\" required \/>\n\t\t\t\t\t\t<\/p>\n\t\t\t\t\t\t<p>\n\t\t\t\t\t\t\t<label>E-posta<\/label>\n\t\t\t\t\t\t\t<input type=\"email\" name=\"email\" autocomplete=\"email\" required \/>\n\t\t\t\t\t\t<\/p>\n\t\t\t\t\t\t<p class=\"chcpl-form-actions\">\n\t\t\t\t\t\t\t<button type=\"submit\" class=\"chcpl-submit\">G\u00f6nder<\/button>\n\t\t\t\t\t\t<\/p>\n\t\t\t\t\t\t<div class=\"chcpl-form-status\" aria-live=\"polite\" aria-atomic=\"true\"><\/div>\n\t\t\t\t\t<input type=\"hidden\" name=\"trp-form-language\" value=\"tr\"\/><\/form>\n\t\t\t\t\t<button type=\"button\" class=\"chcpl-lock-back\" data-show-panel=\"main\">\u2190 Geri<\/button>\n\t\t\t\t<\/div>\n\n\t\t\t\t<div class=\"chcpl-lock-panel chcpl-lock-panel--pw\">\n\t\t\t\t\t<p class=\"chcpl-lock-panel-eyebrow\">Do\u011frudan eri\u015fim<\/p>\n\t\t\t\t\t<form class=\"chcpl-lock-form\" action=\"\">\n\t\t\t\t\t\t<input type=\"hidden\" name=\"action\" value=\"chcpl_unlock_list\" \/>\n\t\t\t\t\t\t<input type=\"hidden\" name=\"_wpnonce\" value=\"266a963f7d\" \/>\n\t\t\t\t\t\t<input type=\"hidden\" name=\"list_id\" value=\"15730\" \/>\n\t\t\t\t\t\t\t\t\t\t\t\t<input type=\"text\" name=\"homepage\" value=\"\" style=\"position:absolute;left:-9999px;width:1px;height:1px;opacity:0;tabindex:-1;\" autocomplete=\"off\" aria-hidden=\"true\" \/>\n\t\t\t\t\t\t<div class=\"chcpl-lock-fields\">\n\t\t\t\t\t\t\t<input type=\"password\" name=\"password\" placeholder=\"\u015eifre\" required maxlength=\"255\" \/>\n\t\t\t\t\t\t\t<button type=\"submit\" class=\"chcpl-lock-submit\">Gitmek<\/button>\n\t\t\t\t\t\t<\/div>\n\t\t\t\t\t\t<div class=\"chcpl-form-status\" aria-live=\"polite\" aria-atomic=\"true\"><\/div>\n\t\t\t\t\t<input type=\"hidden\" name=\"trp-form-language\" value=\"tr\"\/><\/form>\n\t\t\t\t\t<button type=\"button\" class=\"chcpl-lock-back\" data-show-panel=\"main\">\u2190 Geri<\/button>\n\t\t\t\t<\/div>\n\n\t\t\t<\/div>\n\t\t<\/div>\n\t\t\n\n\n\n<div id=\"gspb_text-id-gsbp-cba5838\" class=\"gspb_text gspb_text-id-gsbp-cba5838\">Bu fiyat listesi t\u00fcm hizmetlerimi kapsamaktad\u0131r: g\u00f6rsel kimlik, bas\u0131l\u0131 ve dijital medya, web tasar\u0131m\u0131 ve sanat y\u00f6netmenli\u011fi. Fiyatlar, KOB\u0130'ler, yeni kurulan \u015firketler ve b\u00fcy\u00fck m\u00fc\u015fteriler i\u00e7in B2B projelerinde 15 y\u0131ll\u0131k deneyimi yans\u0131tmaktad\u0131r. T\u00fcm fiyatlar KDV hari\u00e7tir (20%) ve projenin karma\u015f\u0131kl\u0131\u011f\u0131na ve gereken destek d\u00fczeyine g\u00f6re de\u011fi\u015fir.<\/div>\n<\/div>\n\n\n\n<p><\/p>","protected":false},"excerpt":{"rendered":"","protected":false},"author":1,"featured_media":0,"parent":0,"menu_order":0,"comment_status":"closed","ping_status":"closed","template":"","meta":{"_gspb_post_css":".gspb_container-id-gsbp-508a326{flex-direction:column;box-sizing:border-box}#gspb_container-id-gsbp-508a326.gspb_container>p:last-of-type{margin-bottom:0}#gspb_container-id-gsbp-508a326.gspb_container{position:relative;display:flex;flex-direction:column;align-items:center;row-gap:20px;box-sizing:border-box}#gspb_heading-id-gsbp-d2131bd,#gspb_heading-id-gsbp-ee10937{font-size:32px;text-align:center!important;margin-bottom:0;max-width:800px}#gspb_heading-id-gsbp-ee10937{text-transform:none;font-size:15px;font-weight:600!important;color:#b1b1b1;margin-top:0;max-width:400px}#gspb_heading-id-gsbp-d2131bd .gsap-g-line,#gspb_heading-id-gsbp-ee10937 .gsap-g-line,.gspb_text-id-gsbp-cba5838,.gspb_text-id-gsbp-cba5838 .gsap-g-line{text-align:center!important}.gspb_text-id-gsbp-cba5838{margin-bottom:0!important;max-width:800px}","footnotes":""},"class_list":["post-15766","page","type-page","status-publish","hentry"],"blocksy_meta":{"has_hero_section":"disabled","styles_descriptor":{"styles":{"desktop":"","tablet":"","mobile":""},"google_fonts":[],"version":6}},"_links":{"self":[{"href":"https:\/\/altaydagistan.com\/tr\/wp-json\/wp\/v2\/pages\/15766","targetHints":{"allow":["GET"]}}],"collection":[{"href":"https:\/\/altaydagistan.com\/tr\/wp-json\/wp\/v2\/pages"}],"about":[{"href":"https:\/\/altaydagistan.com\/tr\/wp-json\/wp\/v2\/types\/page"}],"author":[{"embeddable":true,"href":"https:\/\/altaydagistan.com\/tr\/wp-json\/wp\/v2\/users\/1"}],"replies":[{"embeddable":true,"href":"https:\/\/altaydagistan.com\/tr\/wp-json\/wp\/v2\/comments?post=15766"}],"version-history":[{"count":45,"href":"https:\/\/altaydagistan.com\/tr\/wp-json\/wp\/v2\/pages\/15766\/revisions"}],"predecessor-version":[{"id":18381,"href":"https:\/\/altaydagistan.com\/tr\/wp-json\/wp\/v2\/pages\/15766\/revisions\/18381"}],"wp:attachment":[{"href":"https:\/\/altaydagistan.com\/tr\/wp-json\/wp\/v2\/media?parent=15766"}],"curies":[{"name":"wp","href":"https:\/\/api.w.org\/{rel}","templated":true}]}}