{"id":16570,"date":"2025-12-17T15:02:26","date_gmt":"2025-12-17T14:02:26","guid":{"rendered":"https:\/\/altaydagistan.com\/cookie-policy-eu\/"},"modified":"2026-01-06T13:56:19","modified_gmt":"2026-01-06T12:56:19","slug":"cerez-poli%cc%87ti%cc%87kasi-ab","status":"publish","type":"page","link":"https:\/\/altaydagistan.com\/tr\/cerez-poli%cc%87ti%cc%87kasi-ab\/","title":{"rendered":"\u00c7erez politikas\u0131"},"content":{"rendered":"<div class=\"wp-block-greenshift-blocks-container gspb_container gspb_container-gsbp-bc71087\" id=\"gspb_container-id-gsbp-bc71087\">\n<p>Son g\u00fcncelleme: 6 Ocak 2025<\/p>\n\n\n\n<h2 class=\"wp-block-heading\" id=\"qu-est-ce-qu-un-cookie\">Kurabiye nedir?<\/h2>\n\n\n\n<p>\u00c7erez, bir web sitesini ziyaret etti\u011finizde cihaz\u0131n\u0131zda depolanan k\u00fc\u00e7\u00fck bir metin dosyas\u0131d\u0131r. \u00c7erezler, tarama deneyiminizi iyile\u015ftirmek i\u00e7in sitenin eylemlerinizi ve tercihlerinizi (dil, yaz\u0131 tipi boyutu vb.) hat\u0131rlamas\u0131n\u0131 sa\u011flar.<\/p>\n\n\n\n<h2 class=\"wp-block-heading\" id=\"cookies-utilises-sur-ce-site\">Bu sitede kullan\u0131lan \u00e7erezler<\/h2>\n\n\n\n<p><strong>Temel teknik \u00e7erezler :<\/strong><\/p>\n\n\n\n<ul class=\"wp-block-list\">\n<li>Tarama i\u00e7in oturum \u00e7erezleri<\/li>\n\n\n\n<li>G\u00fcvenlik \u00e7erezleri (CSRF sald\u0131r\u0131lar\u0131na kar\u015f\u0131 koruma)<\/li>\n\n\n\n<li>Tercih \u00e7erezleri (dil, tema)<\/li>\n<\/ul>\n\n\n\n<p>Bu \u00e7erezler ki\u015fisel olarak tan\u0131mlanabilir herhangi bir veri toplamaz ve sitenin \u00e7al\u0131\u015fmas\u0131 i\u00e7in gereklidir.<\/p>\n\n\n\n<p><strong>Analitik \u00e7erezler :<\/strong><\/p>\n\n\n\n<ul class=\"wp-block-list\">\n<li><strong>Google Analytics<\/strong> sitenin kitlesinin ve trafi\u011finin analizi (g\u00f6r\u00fcnt\u00fclenen sayfalar, ziyaret s\u00fcresi, ziyaret\u00e7ilerin kayna\u011f\u0131)<\/li>\n\n\n\n<li><strong>Microsoft Clarity<\/strong> tarama deneyimini iyile\u015ftirmek i\u00e7in kullan\u0131c\u0131 oturumlar\u0131n\u0131n anonimle\u015ftirilmi\u015f kayd\u0131<\/li>\n<\/ul>\n\n\n\n<p>Bu ara\u00e7lar, ziyaret\u00e7ilerin siteyi nas\u0131l kulland\u0131\u011f\u0131n\u0131 anlamak i\u00e7in anonimle\u015ftirilmi\u015f veriler toplar. Ki\u015fisel olarak tan\u0131mlanabilir hi\u00e7bir veri reklam amac\u0131yla \u00fc\u00e7\u00fcnc\u00fc taraflarla payla\u015f\u0131lmaz.<\/p>\n\n\n\n<h2 class=\"wp-block-heading\" id=\"cookies-tiers\">\u00dc\u00e7\u00fcnc\u00fc taraf \u00e7erezleri<\/h2>\n\n\n\n<p>Bu site \u00fc\u00e7\u00fcnc\u00fc taraf hizmetleri (Google Haritalar, YouTube videolar\u0131, ileti\u015fim formlar\u0131) entegre ediyorsa, bu hizmetler kendi \u00e7erezlerini ayarlayabilir. Daha fazla bilgi i\u00e7in ilgili politikalar\u0131na ba\u015fvurun:<\/p>\n\n\n\n<ul class=\"wp-block-list\">\n<li>Google: <a href=\"https:\/\/policies.google.com\/privacy\" target=\"_blank\" rel=\"noopener\">https:\/\/policies.google.com\/privacy<\/a><\/li>\n\n\n\n<li>Microsoft : <a href=\"https:\/\/privacy.microsoft.com\/\" target=\"_blank\" rel=\"noopener\">https:\/\/privacy.microsoft.com\/<\/a><\/li>\n<\/ul>\n\n\n\n<h2 class=\"wp-block-heading\" id=\"gestion-des-cookies\">\u00c7erez y\u00f6netimi<\/h2>\n\n\n\n<p>\u00c7erezleri istedi\u011finiz zaman taray\u0131c\u0131 ayarlar\u0131n\u0131zdan devre d\u0131\u015f\u0131 b\u0131rakabilirsiniz. Bunun sitenin baz\u0131 i\u015flevlerini etkileyebilece\u011fini l\u00fctfen unutmay\u0131n.<\/p>\n\n\n\n<p><strong>Taray\u0131c\u0131 talimatlar\u0131 :<\/strong><\/p>\n\n\n\n<ul class=\"wp-block-list\">\n<li>Chrome: Ayarlar &gt; Gizlilik ve g\u00fcvenlik &gt; \u00c7erezler<\/li>\n\n\n\n<li>Firefox: Ayarlar &gt; Gizlilik ve g\u00fcvenlik &gt; \u00c7erezler<\/li>\n\n\n\n<li>Safari: Tercihler &gt; Gizlilik &gt; \u00c7erezler<\/li>\n\n\n\n<li>Edge: Ayarlar &gt; Gizlilik &gt; \u00c7erezler<\/li>\n<\/ul>\n\n\n\n<p>Ayr\u0131ca burada bulunan taray\u0131c\u0131 eklentisini y\u00fckleyerek Google Analytics'i devre d\u0131\u015f\u0131 b\u0131rakabilirsiniz: <a href=\"https:\/\/tools.google.com\/dlpage\/gaoptout\" target=\"_blank\" rel=\"noopener\">https:\/\/tools.google.com\/dlpage\/gaoptout<\/a><\/p>\n\n\n\n<h2 class=\"wp-block-heading\" id=\"vos-droits\">Sizin haklar\u0131n\u0131z<\/h2>\n\n\n\n<p>RGPD uyar\u0131nca, ki\u015fisel verilerinize eri\u015fme, bunlar\u0131 d\u00fczeltme ve silme hakk\u0131na sahipsiniz. Herhangi bir sorunuz varsa, l\u00fctfen benimle ileti\u015fime ge\u00e7in <a href=\"mailto:contact@altaydagistan.com\">contact@altaydagistan.com<\/a>.<\/p>\n\n\n\n<h2 class=\"wp-block-heading\" id=\"modifications-de-cette-politique\">Bu politikada yap\u0131lan de\u011fi\u015fiklikler<\/h2>\n\n\n\n<p>Bu politika, bu bilgilerin kullan\u0131m\u0131ndaki de\u011fi\u015fiklikleri yans\u0131tacak \u015fekilde g\u00fcncellenebilir.<\/p>\n\n\n\n<p><\/p>\n<\/div>","protected":false},"excerpt":{"rendered":"","protected":false},"author":1,"featured_media":0,"parent":0,"menu_order":0,"comment_status":"closed","ping_status":"closed","template":"","meta":{"_gspb_post_css":".gspb_container-id-gsbp-bc71087{flex-direction:column;box-sizing:border-box}#gspb_container-id-gsbp-bc71087.gspb_container>p:last-of-type{margin-bottom:0}#gspb_container-id-gsbp-bc71087.gspb_container{position:relative}","footnotes":""},"class_list":["post-16570","page","type-page","status-publish","hentry"],"blocksy_meta":[],"_links":{"self":[{"href":"https:\/\/altaydagistan.com\/tr\/wp-json\/wp\/v2\/pages\/16570","targetHints":{"allow":["GET"]}}],"collection":[{"href":"https:\/\/altaydagistan.com\/tr\/wp-json\/wp\/v2\/pages"}],"about":[{"href":"https:\/\/altaydagistan.com\/tr\/wp-json\/wp\/v2\/types\/page"}],"author":[{"embeddable":true,"href":"https:\/\/altaydagistan.com\/tr\/wp-json\/wp\/v2\/users\/1"}],"replies":[{"embeddable":true,"href":"https:\/\/altaydagistan.com\/tr\/wp-json\/wp\/v2\/comments?post=16570"}],"version-history":[{"count":2,"href":"https:\/\/altaydagistan.com\/tr\/wp-json\/wp\/v2\/pages\/16570\/revisions"}],"predecessor-version":[{"id":17569,"href":"https:\/\/altaydagistan.com\/tr\/wp-json\/wp\/v2\/pages\/16570\/revisions\/17569"}],"wp:attachment":[{"href":"https:\/\/altaydagistan.com\/tr\/wp-json\/wp\/v2\/media?parent=16570"}],"curies":[{"name":"wp","href":"https:\/\/api.w.org\/{rel}","templated":true}]}}