{"id":17573,"date":"2026-01-06T14:02:16","date_gmt":"2026-01-06T13:02:16","guid":{"rendered":"https:\/\/altaydagistan.com\/?page_id=17573"},"modified":"2026-01-06T14:02:17","modified_gmt":"2026-01-06T13:02:17","slug":"yasal-bi%cc%87lgi%cc%87ler","status":"publish","type":"page","link":"https:\/\/altaydagistan.com\/tr\/yasal-bi%cc%87lgi%cc%87ler\/","title":{"rendered":"Yasal bilgiler"},"content":{"rendered":"<h1 class=\"wp-block-heading\" id=\"mentions-legales\">Yasal bilgiler<\/h1>\n\n\n\n<p>Dijital ekonomide g\u00fcvene ili\u015fkin 21 Haziran 2004 tarihli ve 2004-575 say\u0131l\u0131 Kanun h\u00fck\u00fcmleri uyar\u0131nca, altaydagistan.com web sitesinin kullan\u0131c\u0131lar\u0131, olu\u015fturulmas\u0131nda ve izlenmesinde yer alan \u00e7e\u015fitli taraflar\u0131n kimli\u011fi hakk\u0131nda bilgilendirilir.<\/p>\n\n\n\n<h2 class=\"wp-block-heading\" id=\"editeur-du-site\">Site yay\u0131nc\u0131s\u0131<\/h2>\n\n\n\n<p><strong>\u015eirket ad\u0131 :<\/strong> Altay Da\u011f\u0131stan<br><strong>Yasal stat\u00fc :<\/strong> Serbest meslek sahibi y\u00fcklenici<br><strong>S\u0130REN :<\/strong> 820703411<br><strong>KDV numaras\u0131 :<\/strong> FR82 820703411<br><strong>Adres:<\/strong> 58 rue de Monceau, 75008 Paris, Fransa<br><strong>Telefon :<\/strong> +33 6 13 90 45 63<br><strong>E-posta :<\/strong> <a href=\"mailto:contact@altaydagistan.com\">contact@altaydagistan.com<\/a><\/p>\n\n\n\n<p><strong>Yay\u0131n Direkt\u00f6r\u00fc :<\/strong> Altay Da\u011f\u0131stan<\/p>\n\n\n\n<h2 class=\"wp-block-heading\" id=\"hebergement-du-site\">Web sitesi bar\u0131nd\u0131rma<\/h2>\n\n\n\n<p><strong>Ev sahibi :<\/strong> Hostinger International Ltd.<br><strong>Adres:<\/strong> 61 Lordou Vironos Street, 6023 Larnaca, K\u0131br\u0131s<br><strong>Web sitesi :<\/strong> <a href=\"http:\/\/www.hostinger.fr\" target=\"_blank\" rel=\"noopener\">www.hostinger.fr<\/a><\/p>\n\n\n\n<h2 class=\"wp-block-heading\" id=\"propriete-intellectuelle\">Fikri m\u00fclkiyet<\/h2>\n\n\n\n<p>Bu sitenin tamam\u0131, telif hakk\u0131 ve fikri m\u00fclkiyetle ilgili Frans\u0131z ve uluslararas\u0131 mevzuata tabidir. \u0130ndirilebilir belgeler ve ikonografik ve foto\u011frafik g\u00f6sterimler de dahil olmak \u00fczere t\u00fcm \u00e7o\u011faltma haklar\u0131 sakl\u0131d\u0131r.<\/p>\n\n\n\n<p>Yay\u0131n y\u00f6netmeninin a\u00e7\u0131k izni olmaks\u0131z\u0131n bu sitenin tamam\u0131n\u0131n veya bir k\u0131sm\u0131n\u0131n herhangi bir elektronik ortamda \u00e7o\u011falt\u0131lmas\u0131 kesinlikle yasakt\u0131r.<\/p>\n\n\n\n<p>Sitedeki marka ve logolar, sahibi olan \u015firketler taraf\u0131ndan tescil edilmi\u015ftir.<\/p>\n\n\n\n<h2 class=\"wp-block-heading\" id=\"protection-des-donnees-personnelles\">Ki\u015fisel verilerin korunmas\u0131<\/h2>\n\n\n\n<p>Genel Veri Koruma Y\u00f6netmeli\u011fi (RGPD) ve Frans\u0131z Veri Koruma Yasas\u0131 (Loi Informatique et Libert\u00e9s) uyar\u0131nca, sizinle ilgili ki\u015fisel verilere eri\u015fme, bunlar\u0131 d\u00fczeltme, silme ve bunlara itiraz etme hakk\u0131na sahipsiniz.<\/p>\n\n\n\n<p>Bu haklar\u0131 kullanmak i\u00e7in l\u00fctfen bizimle ileti\u015fime ge\u00e7in: <a href=\"mailto:contact@altaydagistan.com\">contact@altaydagistan.com<\/a><\/p>\n\n\n\n<p>Ki\u015fisel verilerinizin y\u00f6netimi hakk\u0131nda daha fazla bilgi i\u00e7in l\u00fctfen <a href=\"https:\/\/altaydagistan.com\/politique-de-confidentialite\/\" data-type=\"page\" data-id=\"16530\">Gizlilik Politikas\u0131<\/a>.<\/p>\n\n\n\n<h2 class=\"wp-block-heading\" id=\"cookies\">\u00c7erezler<\/h2>\n\n\n\n<p>Site, kullan\u0131c\u0131 deneyimini iyile\u015ftirmek ve trafi\u011fi analiz etmek i\u00e7in \u00e7erezler kullan\u0131r. Daha fazla bilgi i\u00e7in <a href=\"https:\/\/altaydagistan.com\/cookie-policy-eu\/\" data-type=\"page\" data-id=\"16570\">\u00c7erez politikas\u0131<\/a>.<\/p>\n\n\n\n<h2 class=\"wp-block-heading\" id=\"limitation-de-responsabilite\">Sorumlulu\u011fun s\u0131n\u0131rland\u0131r\u0131lmas\u0131<\/h2>\n\n\n\n<p>Altay Da\u011fistan, bu sitede yay\u0131nlanan bilgilerin do\u011fru ve g\u00fcncel olmas\u0131n\u0131 sa\u011flamak i\u00e7in her t\u00fcrl\u00fc \u00e7abay\u0131 g\u00f6stermektedir. Ancak, Altay Da\u011fistan bu sitede sunulan bilgilerin do\u011frulu\u011funu, kesinli\u011fini veya eksiksizli\u011fini garanti edemez.<\/p>\n\n\n\n<p>Sonu\u00e7 olarak, Altay Da\u011fistan, sitede bulunan bilgilerle ilgili herhangi bir eksiklik, yanl\u0131\u015fl\u0131k veya ihmal i\u00e7in t\u00fcm sorumlulu\u011fu reddeder.<\/p>\n\n\n\n<h2 class=\"wp-block-heading\" id=\"liens-hypertextes\">Hiper metin ba\u011flant\u0131lar\u0131<\/h2>\n\n\n\n<p>Site, di\u011fer sitelere k\u00f6pr\u00fc metin ba\u011flant\u0131lar\u0131 i\u00e7erebilir. Altay Da\u011fistan'\u0131n bu siteler \u00fczerinde hi\u00e7bir kontrol\u00fc yoktur ve i\u00e7eriklerine ili\u015fkin hi\u00e7bir sorumluluk kabul etmez.<\/p>\n\n\n\n<h2 class=\"wp-block-heading\" id=\"droit-applicable-et-juridiction-competente\">Uygulanabilir hukuk ve yarg\u0131 yetkisi<\/h2>\n\n\n\n<p>altaydagistan.com web sitesinin kullan\u0131m\u0131 ile ilgili her t\u00fcrl\u00fc anla\u015fmazl\u0131k Frans\u0131z yasalar\u0131na tabidir. M\u00fcnhas\u0131r yarg\u0131 yetkisi Paris'in yetkili mahkemelerine verilmi\u015ftir.<\/p>\n\n\n\n<h2 class=\"wp-block-heading\" id=\"contact\">\u0130leti\u015fim<\/h2>\n\n\n\n<p>Yasal bildirimler hakk\u0131nda herhangi bir sorunuz varsa, l\u00fctfen bizimle ileti\u015fime ge\u00e7in:<br><strong>E-posta :<\/strong> <a href=\"mailto:contact@altaydagistan.com\">contact@altaydagistan.com<\/a><\/p>","protected":false},"excerpt":{"rendered":"<p>Mentions l\u00e9gales Conform\u00e9ment aux dispositions de la loi n\u00b0 2004-575 du 21 juin 2004 pour la confiance en l&rsquo;\u00e9conomie num\u00e9rique, il est pr\u00e9cis\u00e9 aux utilisateurs du site altaydagistan.com l&rsquo;identit\u00e9 des diff\u00e9rents intervenants dans le cadre de sa r\u00e9alisation et de son suivi. \u00c9diteur du site Raison sociale : Altay DagistanStatut juridique : Auto-entrepreneurSIREN : 820703411N\u00b0 [&hellip;]<\/p>\n","protected":false},"author":1,"featured_media":0,"parent":0,"menu_order":0,"comment_status":"closed","ping_status":"closed","template":"","meta":{"_gspb_post_css":"","footnotes":""},"class_list":["post-17573","page","type-page","status-publish","hentry"],"blocksy_meta":[],"_links":{"self":[{"href":"https:\/\/altaydagistan.com\/tr\/wp-json\/wp\/v2\/pages\/17573","targetHints":{"allow":["GET"]}}],"collection":[{"href":"https:\/\/altaydagistan.com\/tr\/wp-json\/wp\/v2\/pages"}],"about":[{"href":"https:\/\/altaydagistan.com\/tr\/wp-json\/wp\/v2\/types\/page"}],"author":[{"embeddable":true,"href":"https:\/\/altaydagistan.com\/tr\/wp-json\/wp\/v2\/users\/1"}],"replies":[{"embeddable":true,"href":"https:\/\/altaydagistan.com\/tr\/wp-json\/wp\/v2\/comments?post=17573"}],"version-history":[{"count":1,"href":"https:\/\/altaydagistan.com\/tr\/wp-json\/wp\/v2\/pages\/17573\/revisions"}],"predecessor-version":[{"id":17574,"href":"https:\/\/altaydagistan.com\/tr\/wp-json\/wp\/v2\/pages\/17573\/revisions\/17574"}],"wp:attachment":[{"href":"https:\/\/altaydagistan.com\/tr\/wp-json\/wp\/v2\/media?parent=17573"}],"curies":[{"name":"wp","href":"https:\/\/api.w.org\/{rel}","templated":true}]}}